{"id":58,"date":"2021-07-14T10:28:05","date_gmt":"2021-07-14T10:28:05","guid":{"rendered":"https:\/\/pcpholdings.org\/content\/?page_id=58"},"modified":"2021-07-16T07:17:22","modified_gmt":"2021-07-16T07:17:22","slug":"canada","status":"publish","type":"page","link":"https:\/\/pcppartners.com\/?page_id=58","title":{"rendered":"Canada"},"content":{"rendered":"\t\t<div data-elementor-type=\"wp-page\" data-elementor-id=\"58\" class=\"elementor elementor-58\" data-elementor-settings=\"[]\">\n\t\t\t\t\t\t\t<div class=\"elementor-section-wrap\">\n\t\t\t\t\t\t\t<section class=\"elementor-section elementor-top-section elementor-element elementor-element-a547ee8 elementor-section-boxed elementor-section-height-default elementor-section-height-default\" data-id=\"a547ee8\" data-element_type=\"section\">\n\t\t\t\t\t\t<div class=\"elementor-container elementor-column-gap-default\">\n\t\t\t\t\t<div class=\"elementor-column elementor-col-100 elementor-top-column elementor-element elementor-element-2ca6462\" data-id=\"2ca6462\" data-element_type=\"column\">\n\t\t\t<div class=\"elementor-widget-wrap elementor-element-populated\">\n\t\t\t\t\t\t\t\t<div class=\"elementor-element elementor-element-cd15447 elementor-widget elementor-widget-image\" data-id=\"cd15447\" data-element_type=\"widget\" data-widget_type=\"image.default\">\n\t\t\t\t<div class=\"elementor-widget-container\">\n\t\t\t\t\t\t\t\t\t\t\t\t\t\t\t\t<a href=\"https:\/\/pcppartners.com\/\">\n\t\t\t\t\t\t\t<img width=\"900\" height=\"80\" src=\"https:\/\/pcppartners.com\/wp-content\/uploads\/2021\/07\/header.jpg\" class=\"attachment-large size-large\" alt=\"\" decoding=\"async\" loading=\"lazy\" srcset=\"https:\/\/pcppartners.com\/wp-content\/uploads\/2021\/07\/header.jpg 1000w, https:\/\/pcppartners.com\/wp-content\/uploads\/2021\/07\/header-300x27.jpg 300w, https:\/\/pcppartners.com\/wp-content\/uploads\/2021\/07\/header-768x68.jpg 768w, https:\/\/pcppartners.com\/wp-content\/uploads\/2021\/07\/header-450x40.jpg 450w\" sizes=\"(max-width: 900px) 100vw, 900px\" \/>\t\t\t\t\t\t\t\t<\/a>\n\t\t\t\t\t\t\t\t\t\t\t\t\t\t\t<\/div>\n\t\t\t\t<\/div>\n\t\t\t\t\t<\/div>\n\t\t<\/div>\n\t\t\t\t\t\t\t<\/div>\n\t\t<\/section>\n\t\t\t\t<section class=\"elementor-section elementor-top-section elementor-element elementor-element-321df5b elementor-section-boxed elementor-section-height-default elementor-section-height-default\" data-id=\"321df5b\" data-element_type=\"section\">\n\t\t\t\t\t\t<div class=\"elementor-container elementor-column-gap-default\">\n\t\t\t\t\t<div class=\"elementor-column elementor-col-66 elementor-top-column elementor-element elementor-element-1f0435e\" data-id=\"1f0435e\" data-element_type=\"column\">\n\t\t\t<div class=\"elementor-widget-wrap elementor-element-populated\">\n\t\t\t\t\t\t\t\t<div class=\"elementor-element elementor-element-ad57f2f elementor-widget elementor-widget-text-editor\" data-id=\"ad57f2f\" data-element_type=\"widget\" data-widget_type=\"text-editor.default\">\n\t\t\t\t<div class=\"elementor-widget-container\">\n\t\t\t\t\t\t\t\t<h3><a href=\"https:\/\/pcppartners.com\\\/?page_id=58\">Canada<\/a>\u00a0\u00a0 |\u00a0\u00a0 <a href=\"https:\/\/pcppartners.com\\\/?page_id=128\">Australi\u00eb<\/a>\u00a0\u00a0 | \u00a0 <a href=\"https:\/\/pcppartners.com\\\/?page_id=165\">Projecten<\/a>\u00a0\u00a0 |\u00a0\u00a0 <a href=\"https:\/\/pcppartners.com\\\/?page_id=191\">Partners<\/a> \u00a0 |\u00a0\u00a0 <a href=\"https:\/\/pcppartners.com\\\/?page_id=230\">Links<\/a> \u00a0 |\u00a0\u00a0 <a href=\"https:\/\/pcppartners.com\\\/?page_id=263\">Contact<\/a><\/h3>\t\t\t\t\t\t<\/div>\n\t\t\t\t<\/div>\n\t\t\t\t\t<\/div>\n\t\t<\/div>\n\t\t\t\t<div class=\"elementor-column elementor-col-33 elementor-top-column elementor-element elementor-element-d233aa4\" data-id=\"d233aa4\" data-element_type=\"column\">\n\t\t\t<div class=\"elementor-widget-wrap elementor-element-populated\">\n\t\t\t\t\t\t\t\t<div class=\"elementor-element elementor-element-8bea911 elementor-widget elementor-widget-text-editor\" data-id=\"8bea911\" data-element_type=\"widget\" data-widget_type=\"text-editor.default\">\n\t\t\t\t<div class=\"elementor-widget-container\">\n\t\t\t\t\t\t\t\t<h3 style=\"text-align: right;\"><a href=\"https:\/\/pcppartners.com\\\/?page_id=296\">english<\/a> | <a href=\"https:\/\/pcppartners.com\\\/\">nederlands<\/a><\/h3>\t\t\t\t\t\t<\/div>\n\t\t\t\t<\/div>\n\t\t\t\t\t<\/div>\n\t\t<\/div>\n\t\t\t\t\t\t\t<\/div>\n\t\t<\/section>\n\t\t\t\t<section class=\"elementor-section elementor-top-section elementor-element elementor-element-44af34c elementor-section-boxed elementor-section-height-default elementor-section-height-default\" data-id=\"44af34c\" data-element_type=\"section\">\n\t\t\t\t\t\t<div class=\"elementor-container elementor-column-gap-default\">\n\t\t\t\t\t<div class=\"elementor-column elementor-col-100 elementor-top-column elementor-element elementor-element-fc6df85\" data-id=\"fc6df85\" data-element_type=\"column\">\n\t\t\t<div class=\"elementor-widget-wrap elementor-element-populated\">\n\t\t\t\t\t\t\t\t<div class=\"elementor-element elementor-element-16dc247 elementor-widget elementor-widget-text-editor\" data-id=\"16dc247\" data-element_type=\"widget\" data-widget_type=\"text-editor.default\">\n\t\t\t\t<div class=\"elementor-widget-container\">\n\t\t\t\t\t\t\t\t<div id=\"metaslider-id-445\" style=\"width: 100%;\" class=\"ml-slider-3-20-3 metaslider metaslider-flex metaslider-445 ml-slider nav-hidden\">\n    <div id=\"metaslider_container_445\">\n        <div id=\"metaslider_445\">\n            <ul aria-live=\"polite\" class=\"slides\">\n                <li style=\"display: block; width: 100%;\" class=\"slide-456 ms-image\"><img decoding=\"async\" loading=\"lazy\" src=\"https:\/\/pcppartners.com\/wp-content\/uploads\/2021\/07\/Image-1-at-frame-0-1.jpg\" height=\"225\" width=\"1000\" alt=\"\" class=\"slider-445 slide-456\" title=\"Image 1 at frame 0\" \/><\/li>\n                <li style=\"display: none; width: 100%;\" class=\"slide-452 ms-image\"><img decoding=\"async\" loading=\"lazy\" src=\"https:\/\/pcppartners.com\/wp-content\/uploads\/2021\/07\/Image-3-at-frame-119.jpg\" height=\"225\" width=\"1000\" alt=\"\" class=\"slider-445 slide-452\" title=\"Image-3-at-frame-119\" \/><\/li>\n                <li style=\"display: none; width: 100%;\" class=\"slide-450 ms-image\"><img decoding=\"async\" loading=\"lazy\" src=\"https:\/\/pcppartners.com\/wp-content\/uploads\/2021\/07\/Image-1-at-frame-0.jpg\" height=\"225\" width=\"1000\" alt=\"\" class=\"slider-445 slide-450\" title=\"Image-1-at-frame-0\" \/><\/li>\n                <li style=\"display: none; width: 100%;\" class=\"slide-457 ms-image\"><img decoding=\"async\" loading=\"lazy\" src=\"https:\/\/pcppartners.com\/wp-content\/uploads\/2021\/07\/Image-2-at-frame-59-1.jpg\" height=\"225\" width=\"1000\" alt=\"\" class=\"slider-445 slide-457\" title=\"Image 2 at frame 59\" \/><\/li>\n                <li style=\"display: none; width: 100%;\" class=\"slide-451 ms-image\"><img decoding=\"async\" loading=\"lazy\" src=\"https:\/\/pcppartners.com\/wp-content\/uploads\/2021\/07\/Image-2-at-frame-59.jpg\" height=\"225\" width=\"1000\" alt=\"\" class=\"slider-445 slide-451\" title=\"Image-2-at-frame-59\" \/><\/li>\n                <li style=\"display: none; width: 100%;\" class=\"slide-453 ms-image\"><img decoding=\"async\" loading=\"lazy\" src=\"https:\/\/pcppartners.com\/wp-content\/uploads\/2021\/07\/Image-4-at-frame-179.jpg\" height=\"225\" width=\"1000\" alt=\"\" class=\"slider-445 slide-453\" title=\"Image-4-at-frame-179\" \/><\/li>\n            <\/ul>\n        <\/div>\n        \n    <\/div>\n<\/div>\t\t\t\t\t\t<\/div>\n\t\t\t\t<\/div>\n\t\t\t\t\t<\/div>\n\t\t<\/div>\n\t\t\t\t\t\t\t<\/div>\n\t\t<\/section>\n\t\t\t\t<section class=\"elementor-section elementor-top-section elementor-element elementor-element-ed83b1e elementor-section-boxed elementor-section-height-default elementor-section-height-default\" data-id=\"ed83b1e\" data-element_type=\"section\">\n\t\t\t\t\t\t<div class=\"elementor-container elementor-column-gap-default\">\n\t\t\t\t\t<div class=\"elementor-column elementor-col-100 elementor-top-column elementor-element elementor-element-f280b12\" data-id=\"f280b12\" data-element_type=\"column\">\n\t\t\t<div class=\"elementor-widget-wrap elementor-element-populated\">\n\t\t\t\t\t\t\t\t<section class=\"elementor-section elementor-inner-section elementor-element elementor-element-3a5fe42 elementor-section-boxed elementor-section-height-default elementor-section-height-default\" data-id=\"3a5fe42\" data-element_type=\"section\">\n\t\t\t\t\t\t<div class=\"elementor-container elementor-column-gap-default\">\n\t\t\t\t\t<div class=\"elementor-column elementor-col-50 elementor-inner-column elementor-element elementor-element-bb06ff7\" data-id=\"bb06ff7\" data-element_type=\"column\">\n\t\t\t<div class=\"elementor-widget-wrap elementor-element-populated\">\n\t\t\t\t\t\t\t\t<div class=\"elementor-element elementor-element-5099d0e elementor-widget elementor-widget-image\" data-id=\"5099d0e\" data-element_type=\"widget\" data-widget_type=\"image.default\">\n\t\t\t\t<div class=\"elementor-widget-container\">\n\t\t\t\t\t\t\t\t\t\t\t\t\t\t\t<img width=\"455\" height=\"196\" src=\"https:\/\/pcppartners.com\/wp-content\/uploads\/2021\/07\/1.-Calgary.jpg\" class=\"attachment-large size-large\" alt=\"\" decoding=\"async\" loading=\"lazy\" srcset=\"https:\/\/pcppartners.com\/wp-content\/uploads\/2021\/07\/1.-Calgary.jpg 455w, https:\/\/pcppartners.com\/wp-content\/uploads\/2021\/07\/1.-Calgary-300x129.jpg 300w, https:\/\/pcppartners.com\/wp-content\/uploads\/2021\/07\/1.-Calgary-450x194.jpg 450w\" sizes=\"(max-width: 455px) 100vw, 455px\" \/>\t\t\t\t\t\t\t\t\t\t\t\t\t\t\t<\/div>\n\t\t\t\t<\/div>\n\t\t\t\t<div class=\"elementor-element elementor-element-75618d4 elementor-widget elementor-widget-image\" data-id=\"75618d4\" data-element_type=\"widget\" data-widget_type=\"image.default\">\n\t\t\t\t<div class=\"elementor-widget-container\">\n\t\t\t\t\t\t\t\t\t\t\t\t\t\t\t<img width=\"455\" height=\"341\" src=\"https:\/\/pcppartners.com\/wp-content\/uploads\/2021\/07\/2.-Toronto455.jpg\" class=\"attachment-large size-large\" alt=\"\" decoding=\"async\" loading=\"lazy\" srcset=\"https:\/\/pcppartners.com\/wp-content\/uploads\/2021\/07\/2.-Toronto455.jpg 455w, https:\/\/pcppartners.com\/wp-content\/uploads\/2021\/07\/2.-Toronto455-300x225.jpg 300w, https:\/\/pcppartners.com\/wp-content\/uploads\/2021\/07\/2.-Toronto455-450x337.jpg 450w\" sizes=\"(max-width: 455px) 100vw, 455px\" \/>\t\t\t\t\t\t\t\t\t\t\t\t\t\t\t<\/div>\n\t\t\t\t<\/div>\n\t\t\t\t<div class=\"elementor-element elementor-element-76238a5 elementor-widget elementor-widget-image\" data-id=\"76238a5\" data-element_type=\"widget\" data-widget_type=\"image.default\">\n\t\t\t\t<div class=\"elementor-widget-container\">\n\t\t\t\t\t\t\t\t\t\t\t\t\t\t\t<img width=\"455\" height=\"329\" src=\"https:\/\/pcppartners.com\/wp-content\/uploads\/2021\/07\/3.-olieveld.jpg\" class=\"attachment-large size-large\" alt=\"\" decoding=\"async\" loading=\"lazy\" srcset=\"https:\/\/pcppartners.com\/wp-content\/uploads\/2021\/07\/3.-olieveld.jpg 455w, https:\/\/pcppartners.com\/wp-content\/uploads\/2021\/07\/3.-olieveld-300x217.jpg 300w, https:\/\/pcppartners.com\/wp-content\/uploads\/2021\/07\/3.-olieveld-450x325.jpg 450w\" sizes=\"(max-width: 455px) 100vw, 455px\" \/>\t\t\t\t\t\t\t\t\t\t\t\t\t\t\t<\/div>\n\t\t\t\t<\/div>\n\t\t\t\t<div class=\"elementor-element elementor-element-4518aa2 elementor-widget elementor-widget-image\" data-id=\"4518aa2\" data-element_type=\"widget\" data-widget_type=\"image.default\">\n\t\t\t\t<div class=\"elementor-widget-container\">\n\t\t\t\t\t\t\t\t\t\t\t\t\t\t\t<img width=\"455\" height=\"484\" src=\"https:\/\/pcppartners.com\/wp-content\/uploads\/2021\/07\/4.-meer_met_kanos.jpg\" class=\"attachment-large size-large\" alt=\"\" decoding=\"async\" loading=\"lazy\" srcset=\"https:\/\/pcppartners.com\/wp-content\/uploads\/2021\/07\/4.-meer_met_kanos.jpg 455w, https:\/\/pcppartners.com\/wp-content\/uploads\/2021\/07\/4.-meer_met_kanos-282x300.jpg 282w, https:\/\/pcppartners.com\/wp-content\/uploads\/2021\/07\/4.-meer_met_kanos-423x450.jpg 423w\" sizes=\"(max-width: 455px) 100vw, 455px\" \/>\t\t\t\t\t\t\t\t\t\t\t\t\t\t\t<\/div>\n\t\t\t\t<\/div>\n\t\t\t\t\t<\/div>\n\t\t<\/div>\n\t\t\t\t<div class=\"elementor-column elementor-col-50 elementor-inner-column elementor-element elementor-element-72fd3cb\" data-id=\"72fd3cb\" data-element_type=\"column\">\n\t\t\t<div class=\"elementor-widget-wrap elementor-element-populated\">\n\t\t\t\t\t\t\t\t<div class=\"elementor-element elementor-element-2d79743 elementor-widget elementor-widget-text-editor\" data-id=\"2d79743\" data-element_type=\"widget\" data-widget_type=\"text-editor.default\">\n\t\t\t\t<div class=\"elementor-widget-container\">\n\t\t\t\t\t\t\t\t<h1>Canada<\/h1><h2>Geografie<\/h2><p>Canada is in oppervlakte het een na grootste\u00a0land ter wereld. Het is ongeveer 6.500 km breed\u00a0en 4.600 km lang. Het strekt daarmee van ver\u00a0boven de poolcirkel tot dezelfde breedtegraad\u00a0als bijvoorbeeld Barcelona en is ongeveer 360\u00a0keer zo groot als Nederland. Het land heeft vele\u00a0duizenden meren, uitgestrekte prairies,\u00a0onbewoonde Arctische landschappen en de\u00a0imposante Rocky Mountains in de westelijke\u00a0provincies Alberta en British Columbia.<br \/>Canada beschikt over de op een na grootste olievoorraad\u00a0ter wereld. Verder is het land rijk aan\u00a0andere natuurlijke bronnen zoals ijzererts,\u00a0nikkel, zink, koper, goud, lood, diamanten,\u00a0zilver, vis, hout, kolen en gas. Kortom, Canada\u00a0is hierdoor bijna geheel onafhankelijk van de\u00a0toevoer van andere landen. Ongeveer driekwart\u00a0van de beroepsbevolking is werkzaam in de\u00a0dienstensector die daarmee verreweg de\u00a0belangrijkste economische factor is. Bosbouw,\u00a0mijnbouw en visserij zijn eveneens belangrijke\u00a0bronnen van inkomsten. Landbouw is vooral van\u00a0belang in de prairies en delen van Ontario.<\/p><h4>Demografie<\/h4><p>Met een bevolkingsdichtheid van 3,37 inwoners\u00a0per km2 (Nederland = 398 inwoners per km2) is\u00a0Canada een van de dunst bevolkte gebieden ter\u00a0wereld. De meeste van de bijna 34 miljoen\u00a0inwoners wonen in een strook van 200 kilometer\u00a0langs de grens met de Verenigde Staten.\u00a0De eerste grote groepen immigranten uit Europa\u00a0waren Engelstaligen en Franstaligen. Dit zijn\u00a0daarom ook de twee offici\u00eble talen van Canada,\u00a0hoewel verreweg de meeste Franstaligen in de\u00a0oostelijke provincie Quebec wonen.<\/p><h4>Canadese economie<\/h4><p>Canada heeft een hoog ontwikkelde industri\u00eble markteconomie, die sterk op de export is gericht en nauw verbonden is met de economie van de\u00a0Verenigde Staten. Met een bruto nationaal product (bnp) per hoofd van de bevolking van $43.100 (2013) behoort Canada tot de welvarendste landen ter wereld. In nog geen halve eeuw tijd heeft Canada zich omgevormd van een overwegend van landbouw, bosexploitatie en pelshandel afhankelijk land tot een van de belangrijkste industrielanden ter wereld. Daar komt nog bij dat veel hulpbronnen en bodemschatten nog niet zijn ontsloten.<\/p><p>Het merendeel van de Canadese economische bedrijvigheid treft men, evenals de bevolking, aan in een strook van 160 kilometer breedte langs de grens met de Verenigde Staten. De industrie is vooral geconcentreerd in de centraal gelegen provincies Ontario en Qu\u00e9bec en in de westelijke provincies British Columbia en Alberta. De provincie Ontario is het centrum van de Canadese economie door de grote industri\u00eble concentratie en de grote landbouwsector, terwijl Toronto het financi\u00eble centrum van Canada is. De Atlantische provincies zijn vooral geori\u00ebnteerd op visserij en landbouw, Saskatchewan en Manitoba zijn vooral geori\u00ebnteerd op de landbouw.\u00a0<\/p><p>Ca. 45% van Canada is met bossen bedekt (400 miljoen ha), die van de oost- tot de westkust een ca. 1000 tot 2000 km brede gordel vormen. Dit is 10% van de bossen op deze aarde. Dit enorme areaal bestaat voornamelijk uit verschillende soorten naaldhout en is voor ca. 70% exploiteerbaar. Canada is de grootste exporteur van hout en houtproducten. De bosbouwsector en biedt werk aan ca. 35.000 mensen. De Canadese overheid en de Bank of Canada voeren al jaren een krap monetair beleid, gericht op het bevorderen van de prijsstabiliteit en het onder controle houden van de inflatie. Door de lage en stabiele inflatie weet men de geldwaarde te behouden, wat tot het toenemen van de levensstandaard leidt.<br \/>Wat een nationaal economisch beleid ook enigszins in de weg staat, vormt de grote mate van zelfstandigheid van de afzonderlijke provincies, die bevoegdheden bezitten op het gebied van loon- en prijsontwikkeling en belastingheffing. Van de beroepsbevolking is in 2014 ongeveer 70% werkzaam in de dienstensector, 28,3% in de industrie, en nog maar 1,7 procent in agrarische sector.\u00a0<\/p><h4>Links<\/h4><ul><li><a href=\"http:\/\/www.globalnews.ca\">www.globalnews.ca<\/a><\/li><li><a href=\"http:\/\/www.statcan.gc.ca\">www.statcan.gc.ca<\/a><\/li><li><a href=\"http:\/\/www.omreb.com\">www.omreb.com<\/a><\/li><\/ul>\t\t\t\t\t\t<\/div>\n\t\t\t\t<\/div>\n\t\t\t\t\t<\/div>\n\t\t<\/div>\n\t\t\t\t\t\t\t<\/div>\n\t\t<\/section>\n\t\t\t\t\t<\/div>\n\t\t<\/div>\n\t\t\t\t\t\t\t<\/div>\n\t\t<\/section>\n\t\t\t\t\t\t<\/div>\n\t\t\t\t\t<\/div>\n\t\t","protected":false},"excerpt":{"rendered":"<p>Canada\u00a0\u00a0 |\u00a0\u00a0 Australi\u00eb\u00a0\u00a0 | \u00a0 Projecten\u00a0\u00a0 |\u00a0\u00a0 Partners \u00a0 |\u00a0\u00a0 Links \u00a0 |\u00a0\u00a0 Contact english | nederlands \u00a0 Canada Geografie Canada is in oppervlakte het een na grootste\u00a0land ter wereld. Het is ongeveer 6.500 km breed\u00a0en 4.600 km lang. Het strekt daarmee van ver\u00a0boven de poolcirkel tot dezelfde breedtegraad\u00a0als bijvoorbeeld Barcelona en is ongeveer 360\u00a0keer zo groot als Nederland. Het land heeft vele\u00a0duizenden meren, uitgestrekte prairies,\u00a0onbewoonde Arctische landschappen en de\u00a0imposante Rocky Mountains in de westelijke\u00a0provincies [&hellip;]<\/p>\n","protected":false},"author":1,"featured_media":0,"parent":0,"menu_order":0,"comment_status":"closed","ping_status":"closed","template":"","meta":[],"_links":{"self":[{"href":"https:\/\/pcppartners.com\/index.php?rest_route=\/wp\/v2\/pages\/58"}],"collection":[{"href":"https:\/\/pcppartners.com\/index.php?rest_route=\/wp\/v2\/pages"}],"about":[{"href":"https:\/\/pcppartners.com\/index.php?rest_route=\/wp\/v2\/types\/page"}],"author":[{"embeddable":true,"href":"https:\/\/pcppartners.com\/index.php?rest_route=\/wp\/v2\/users\/1"}],"replies":[{"embeddable":true,"href":"https:\/\/pcppartners.com\/index.php?rest_route=%2Fwp%2Fv2%2Fcomments&post=58"}],"version-history":[{"count":52,"href":"https:\/\/pcppartners.com\/index.php?rest_route=\/wp\/v2\/pages\/58\/revisions"}],"predecessor-version":[{"id":469,"href":"https:\/\/pcppartners.com\/index.php?rest_route=\/wp\/v2\/pages\/58\/revisions\/469"}],"wp:attachment":[{"href":"https:\/\/pcppartners.com\/index.php?rest_route=%2Fwp%2Fv2%2Fmedia&parent=58"}],"curies":[{"name":"wp","href":"https:\/\/api.w.org\/{rel}","templated":true}]}}